{"id":161,"date":"2026-02-13T11:27:24","date_gmt":"2026-02-13T11:27:24","guid":{"rendered":"https:\/\/rosybrown-okapi-954574.hostingersite.com\/?page_id=161"},"modified":"2026-02-16T22:11:37","modified_gmt":"2026-02-16T22:11:37","slug":"galerie","status":"publish","type":"page","link":"https:\/\/gradinaurbana.md\/ro_ro\/galerie\/","title":{"rendered":"Galerie"},"content":{"rendered":"\t\t<div data-elementor-type=\"wp-page\" data-elementor-id=\"161\" class=\"elementor elementor-161\" data-elementor-post-type=\"page\">\n\t\t\t\t<div class=\"elementor-element elementor-element-4924950e e-flex e-con-boxed e-con e-parent\" data-id=\"4924950e\" data-element_type=\"container\" data-e-type=\"container\" data-settings=\"{&quot;background_background&quot;:&quot;classic&quot;}\">\n\t\t\t\t\t<div class=\"e-con-inner\">\n\t\t\t\t<div class=\"elementor-element elementor-element-62bb0a53 elementor-icon-list--layout-traditional elementor-list-item-link-full_width elementor-widget elementor-widget-icon-list\" data-id=\"62bb0a53\" data-element_type=\"widget\" data-e-type=\"widget\" data-widget_type=\"icon-list.default\">\n\t\t\t\t\t\t\t<ul class=\"elementor-icon-list-items\">\n\t\t\t\t\t\t\t<li class=\"elementor-icon-list-item\">\n\t\t\t\t\t\t\t\t\t\t\t<span class=\"elementor-icon-list-icon\">\n\t\t\t\t\t\t\t<svg aria-hidden=\"true\" class=\"e-font-icon-svg e-fas-circle\" viewBox=\"0 0 512 512\" xmlns=\"http:\/\/www.w3.org\/2000\/svg\"><path d=\"M256 8C119 8 8 119 8 256s111 248 248 248 248-111 248-248S393 8 256 8z\"><\/path><\/svg>\t\t\t\t\t\t<\/span>\n\t\t\t\t\t\t\t\t\t\t<span class=\"elementor-icon-list-text\">Acas\u0103 - Galerie <\/span>\n\t\t\t\t\t\t\t\t\t<\/li>\n\t\t\t\t\t\t<\/ul>\n\t\t\t\t\t\t<\/div>\n\t\t\t\t<div class=\"elementor-element elementor-element-3729ad3b elementor-widget__width-initial elementor-widget elementor-widget-heading\" data-id=\"3729ad3b\" data-element_type=\"widget\" data-e-type=\"widget\" data-widget_type=\"heading.default\">\n\t\t\t\t\t<h1 class=\"elementor-heading-title elementor-size-default\">Galeria documenteaz\u0103 evolu\u021bia proiectului \u0219i implicarea comunit\u0103\u021bii din Ungheni. \n<\/h1>\t\t\t\t<\/div>\n\t\t\t\t<div class=\"elementor-element elementor-element-6e3f86a elementor-widget__width-initial elementor-widget elementor-widget-text-editor\" data-id=\"6e3f86a\" data-element_type=\"widget\" data-e-type=\"widget\" data-widget_type=\"text-editor.default\">\n\t\t\t\t\t\t\t\t\t<p><span style=\"font-weight: 400;\">Aici g\u0103se\u0219ti imagini \u0219i materiale care surprind etapele de implementare, activit\u0103\u021bile desf\u0103\u0219urate \u0219i modul \u00een care gr\u0103dina urban\u0103 prinde via\u021b\u0103 prin oameni.<\/span><\/p>\t\t\t\t\t\t\t\t<\/div>\n\t\t\t\t\t<\/div>\n\t\t\t\t<\/div>\n\t\t<div class=\"elementor-element elementor-element-f363d0f e-flex e-con-boxed e-con e-parent\" data-id=\"f363d0f\" data-element_type=\"container\" data-e-type=\"container\">\n\t\t\t\t\t<div class=\"e-con-inner\">\n\t\t\t\t<div class=\"elementor-element elementor-element-659c3aa elementor-widget elementor-widget-heading\" data-id=\"659c3aa\" data-element_type=\"widget\" data-e-type=\"widget\" data-widget_type=\"heading.default\">\n\t\t\t\t\t<h1 class=\"elementor-heading-title elementor-size-default\"> Galerie  Foto<\/h1>\t\t\t\t<\/div>\n\t\t\t\t<div class=\"elementor-element elementor-element-ac9a58f elementor-widget elementor-widget-rkit_image_gallery\" data-id=\"ac9a58f\" data-element_type=\"widget\" data-e-type=\"widget\" data-widget_type=\"rkit_image_gallery.default\">\n\t\t\t\t<div class=\"elementor-widget-container\">\n\t\t\t\t\t\r\n        <div class=\"rkit-gallery-masonry-container\">\r\n            <div class=\"rkit-gallery-masonry masonry\">\r\n                                    <div class=\"brick\">\r\n                        <div class=\"skeleton\"><\/div>\r\n                                                    <a data-elementor-open-lightbox=\"yes\" data-elementor-lightbox-slideshow=\"gallery\" href=\"https:\/\/rosybrown-okapi-954574.hostingersite.com\/wp-content\/uploads\/2026\/02\/628181826_122101983837247324_4675514191014377246_n.jpg\">\r\n                                                        <img decoding=\"async\" src=\"https:\/\/rosybrown-okapi-954574.hostingersite.com\/wp-content\/uploads\/2026\/02\/628181826_122101983837247324_4675514191014377246_n.jpg\"\r\n                                class=\"gallery_image  elementor-animation-grow\"\r\n                                alt=\"Gallery Image\"\r\n                                loading=\"lazy\"><\/img>\r\n                                                        <\/a>\r\n                                            <\/div>\r\n                                    <div class=\"brick\">\r\n                        <div class=\"skeleton\"><\/div>\r\n                                                    <a data-elementor-open-lightbox=\"yes\" data-elementor-lightbox-slideshow=\"gallery\" href=\"https:\/\/rosybrown-okapi-954574.hostingersite.com\/wp-content\/uploads\/2026\/02\/628376284_122101983741247324_2774919534882605020_n.jpg\">\r\n                                                        <img decoding=\"async\" src=\"https:\/\/rosybrown-okapi-954574.hostingersite.com\/wp-content\/uploads\/2026\/02\/628376284_122101983741247324_2774919534882605020_n.jpg\"\r\n                                class=\"gallery_image  elementor-animation-grow\"\r\n                                alt=\"Gallery Image\"\r\n                                loading=\"lazy\"><\/img>\r\n                                                        <\/a>\r\n                                            <\/div>\r\n                                    <div class=\"brick\">\r\n                        <div class=\"skeleton\"><\/div>\r\n                                                    <a data-elementor-open-lightbox=\"yes\" data-elementor-lightbox-slideshow=\"gallery\" href=\"https:\/\/rosybrown-okapi-954574.hostingersite.com\/wp-content\/uploads\/2026\/02\/627994245_122101984323247324_5050365085786835853_n.jpg\">\r\n                                                        <img decoding=\"async\" src=\"https:\/\/rosybrown-okapi-954574.hostingersite.com\/wp-content\/uploads\/2026\/02\/627994245_122101984323247324_5050365085786835853_n.jpg\"\r\n                                class=\"gallery_image  elementor-animation-grow\"\r\n                                alt=\"Gallery Image\"\r\n                                loading=\"lazy\"><\/img>\r\n                                                        <\/a>\r\n                                            <\/div>\r\n                \r\n            <\/div>\r\n        <\/div>\r\n\r\n\t\t\t\t<\/div>\n\t\t\t\t<\/div>\n\t\t\t\t<div class=\"elementor-element elementor-element-7a5fb6e elementor-widget elementor-widget-heading\" data-id=\"7a5fb6e\" data-element_type=\"widget\" data-e-type=\"widget\" data-widget_type=\"heading.default\">\n\t\t\t\t\t<h1 class=\"elementor-heading-title elementor-size-default\">Galerie Video<\/h1>\t\t\t\t<\/div>\n\t\t\t\t\t<\/div>\n\t\t\t\t<\/div>\n\t\t\t\t<\/div>\n\t\t","protected":false},"excerpt":{"rendered":"<p>Galeria documenteaz\u0103 evolu\u021bia proiectului \u0219i implicarea comunit\u0103\u021bii din Ungheni.<br \/>\nAici g\u0103se\u0219ti imagini \u0219i materiale care surprind etapele de implementare, activit\u0103\u021bile desf\u0103\u0219urate \u0219i modul \u00een care gr\u0103dina urban\u0103 prinde via\u021b\u0103 prin oameni.<\/p>\n","protected":false},"author":1,"featured_media":0,"parent":0,"menu_order":0,"comment_status":"closed","ping_status":"closed","template":"elementor_header_footer","meta":{"_acf_changed":false,"footnotes":""},"class_list":["post-161","page","type-page","status-publish","hentry"],"acf":[],"yoast_head":"<!-- This site is optimized with the Yoast SEO plugin v27.2 - https:\/\/yoast.com\/product\/yoast-seo-wordpress\/ -->\n<title>Galerie - gradinaurbana.md<\/title>\n<meta name=\"robots\" content=\"index, follow, max-snippet:-1, max-image-preview:large, max-video-preview:-1\" \/>\n<link rel=\"canonical\" href=\"https:\/\/gradinaurbana.md\/ro_ro\/galerie\/\" \/>\n<meta property=\"og:locale\" content=\"ro_RO\" \/>\n<meta property=\"og:type\" content=\"article\" \/>\n<meta property=\"og:title\" content=\"Galerie - gradinaurbana.md\" \/>\n<meta property=\"og:description\" content=\"Galeria documenteaz\u0103 evolu\u021bia proiectului \u0219i implicarea comunit\u0103\u021bii din Ungheni. Aici g\u0103se\u0219ti imagini \u0219i materiale care surprind etapele de implementare, activit\u0103\u021bile desf\u0103\u0219urate \u0219i modul \u00een care gr\u0103dina urban\u0103 prinde via\u021b\u0103 prin oameni.\" \/>\n<meta property=\"og:url\" content=\"https:\/\/gradinaurbana.md\/ro_ro\/galerie\/\" \/>\n<meta property=\"og:site_name\" content=\"gradinaurbana.md\" \/>\n<meta property=\"article:publisher\" content=\"https:\/\/www.facebook.com\/gradinaurbanaungheni\/\" \/>\n<meta property=\"article:modified_time\" content=\"2026-02-16T22:11:37+00:00\" \/>\n<meta property=\"og:image\" content=\"https:\/\/rosybrown-okapi-954574.hostingersite.com\/wp-content\/uploads\/2026\/02\/628181826_122101983837247324_4675514191014377246_n.jpg\" \/>\n<meta name=\"twitter:card\" content=\"summary_large_image\" \/>\n<script type=\"application\/ld+json\" class=\"yoast-schema-graph\">{\"@context\":\"https:\/\/schema.org\",\"@graph\":[{\"@type\":\"WebPage\",\"@id\":\"https:\/\/gradinaurbana.md\/galerie\/\",\"url\":\"https:\/\/gradinaurbana.md\/galerie\/\",\"name\":\"Galerie - gradinaurbana.md\",\"isPartOf\":{\"@id\":\"https:\/\/gradinaurbana.md\/#website\"},\"primaryImageOfPage\":{\"@id\":\"https:\/\/gradinaurbana.md\/galerie\/#primaryimage\"},\"image\":{\"@id\":\"https:\/\/gradinaurbana.md\/galerie\/#primaryimage\"},\"thumbnailUrl\":\"https:\/\/rosybrown-okapi-954574.hostingersite.com\/wp-content\/uploads\/2026\/02\/628181826_122101983837247324_4675514191014377246_n.jpg\",\"datePublished\":\"2026-02-13T11:27:24+00:00\",\"dateModified\":\"2026-02-16T22:11:37+00:00\",\"breadcrumb\":{\"@id\":\"https:\/\/gradinaurbana.md\/galerie\/#breadcrumb\"},\"inLanguage\":\"ro-RO\",\"potentialAction\":[{\"@type\":\"ReadAction\",\"target\":[\"https:\/\/gradinaurbana.md\/galerie\/\"]}]},{\"@type\":\"ImageObject\",\"inLanguage\":\"ro-RO\",\"@id\":\"https:\/\/gradinaurbana.md\/galerie\/#primaryimage\",\"url\":\"https:\/\/rosybrown-okapi-954574.hostingersite.com\/wp-content\/uploads\/2026\/02\/628181826_122101983837247324_4675514191014377246_n.jpg\",\"contentUrl\":\"https:\/\/rosybrown-okapi-954574.hostingersite.com\/wp-content\/uploads\/2026\/02\/628181826_122101983837247324_4675514191014377246_n.jpg\"},{\"@type\":\"BreadcrumbList\",\"@id\":\"https:\/\/gradinaurbana.md\/galerie\/#breadcrumb\",\"itemListElement\":[{\"@type\":\"ListItem\",\"position\":1,\"name\":\"Home\",\"item\":\"https:\/\/gradinaurbana.md\/ro_ro\/\"},{\"@type\":\"ListItem\",\"position\":2,\"name\":\"Galerie\"}]},{\"@type\":\"WebSite\",\"@id\":\"https:\/\/gradinaurbana.md\/#website\",\"url\":\"https:\/\/gradinaurbana.md\/\",\"name\":\"gradinaurbana.md\",\"description\":\"\",\"publisher\":{\"@id\":\"https:\/\/gradinaurbana.md\/#organization\"},\"potentialAction\":[{\"@type\":\"SearchAction\",\"target\":{\"@type\":\"EntryPoint\",\"urlTemplate\":\"https:\/\/gradinaurbana.md\/?s={search_term_string}\"},\"query-input\":{\"@type\":\"PropertyValueSpecification\",\"valueRequired\":true,\"valueName\":\"search_term_string\"}}],\"inLanguage\":\"ro-RO\"},{\"@type\":\"Organization\",\"@id\":\"https:\/\/gradinaurbana.md\/#organization\",\"name\":\"gradinaurbana.md\",\"url\":\"https:\/\/gradinaurbana.md\/\",\"logo\":{\"@type\":\"ImageObject\",\"inLanguage\":\"ro-RO\",\"@id\":\"https:\/\/gradinaurbana.md\/#\/schema\/logo\/image\/\",\"url\":\"https:\/\/gradinaurbana.md\/wp-content\/uploads\/2026\/02\/Gradina_Urbana_Ungheni__4_-removebg-preview.png\",\"contentUrl\":\"https:\/\/gradinaurbana.md\/wp-content\/uploads\/2026\/02\/Gradina_Urbana_Ungheni__4_-removebg-preview.png\",\"width\":500,\"height\":500,\"caption\":\"gradinaurbana.md\"},\"image\":{\"@id\":\"https:\/\/gradinaurbana.md\/#\/schema\/logo\/image\/\"},\"sameAs\":[\"https:\/\/www.facebook.com\/gradinaurbanaungheni\/\",\"https:\/\/www.tiktok.com\/@gradinaurbanaungheni?lang=ro-RO\",\"https:\/\/www.youtube.com\/@GradinaUrbana-Ungheni\",\"https:\/\/www.linkedin.com\/in\/gradina-urbana-64122a3b0\/\",\"https:\/\/www.instagram.com\/gradinaurbana.ungheni\/\"]}]}<\/script>\n<!-- \/ Yoast SEO plugin. -->","yoast_head_json":{"title":"Galerie - gradinaurbana.md","robots":{"index":"index","follow":"follow","max-snippet":"max-snippet:-1","max-image-preview":"max-image-preview:large","max-video-preview":"max-video-preview:-1"},"canonical":"https:\/\/gradinaurbana.md\/ro_ro\/galerie\/","og_locale":"ro_RO","og_type":"article","og_title":"Galerie - gradinaurbana.md","og_description":"Galeria documenteaz\u0103 evolu\u021bia proiectului \u0219i implicarea comunit\u0103\u021bii din Ungheni. Aici g\u0103se\u0219ti imagini \u0219i materiale care surprind etapele de implementare, activit\u0103\u021bile desf\u0103\u0219urate \u0219i modul \u00een care gr\u0103dina urban\u0103 prinde via\u021b\u0103 prin oameni.","og_url":"https:\/\/gradinaurbana.md\/ro_ro\/galerie\/","og_site_name":"gradinaurbana.md","article_publisher":"https:\/\/www.facebook.com\/gradinaurbanaungheni\/","article_modified_time":"2026-02-16T22:11:37+00:00","og_image":[{"url":"https:\/\/rosybrown-okapi-954574.hostingersite.com\/wp-content\/uploads\/2026\/02\/628181826_122101983837247324_4675514191014377246_n.jpg","type":"","width":"","height":""}],"twitter_card":"summary_large_image","schema":{"@context":"https:\/\/schema.org","@graph":[{"@type":"WebPage","@id":"https:\/\/gradinaurbana.md\/galerie\/","url":"https:\/\/gradinaurbana.md\/galerie\/","name":"Galerie - gradinaurbana.md","isPartOf":{"@id":"https:\/\/gradinaurbana.md\/#website"},"primaryImageOfPage":{"@id":"https:\/\/gradinaurbana.md\/galerie\/#primaryimage"},"image":{"@id":"https:\/\/gradinaurbana.md\/galerie\/#primaryimage"},"thumbnailUrl":"https:\/\/rosybrown-okapi-954574.hostingersite.com\/wp-content\/uploads\/2026\/02\/628181826_122101983837247324_4675514191014377246_n.jpg","datePublished":"2026-02-13T11:27:24+00:00","dateModified":"2026-02-16T22:11:37+00:00","breadcrumb":{"@id":"https:\/\/gradinaurbana.md\/galerie\/#breadcrumb"},"inLanguage":"ro-RO","potentialAction":[{"@type":"ReadAction","target":["https:\/\/gradinaurbana.md\/galerie\/"]}]},{"@type":"ImageObject","inLanguage":"ro-RO","@id":"https:\/\/gradinaurbana.md\/galerie\/#primaryimage","url":"https:\/\/rosybrown-okapi-954574.hostingersite.com\/wp-content\/uploads\/2026\/02\/628181826_122101983837247324_4675514191014377246_n.jpg","contentUrl":"https:\/\/rosybrown-okapi-954574.hostingersite.com\/wp-content\/uploads\/2026\/02\/628181826_122101983837247324_4675514191014377246_n.jpg"},{"@type":"BreadcrumbList","@id":"https:\/\/gradinaurbana.md\/galerie\/#breadcrumb","itemListElement":[{"@type":"ListItem","position":1,"name":"Home","item":"https:\/\/gradinaurbana.md\/ro_ro\/"},{"@type":"ListItem","position":2,"name":"Galerie"}]},{"@type":"WebSite","@id":"https:\/\/gradinaurbana.md\/#website","url":"https:\/\/gradinaurbana.md\/","name":"gradinaurbana.md","description":"","publisher":{"@id":"https:\/\/gradinaurbana.md\/#organization"},"potentialAction":[{"@type":"SearchAction","target":{"@type":"EntryPoint","urlTemplate":"https:\/\/gradinaurbana.md\/?s={search_term_string}"},"query-input":{"@type":"PropertyValueSpecification","valueRequired":true,"valueName":"search_term_string"}}],"inLanguage":"ro-RO"},{"@type":"Organization","@id":"https:\/\/gradinaurbana.md\/#organization","name":"gradinaurbana.md","url":"https:\/\/gradinaurbana.md\/","logo":{"@type":"ImageObject","inLanguage":"ro-RO","@id":"https:\/\/gradinaurbana.md\/#\/schema\/logo\/image\/","url":"https:\/\/gradinaurbana.md\/wp-content\/uploads\/2026\/02\/Gradina_Urbana_Ungheni__4_-removebg-preview.png","contentUrl":"https:\/\/gradinaurbana.md\/wp-content\/uploads\/2026\/02\/Gradina_Urbana_Ungheni__4_-removebg-preview.png","width":500,"height":500,"caption":"gradinaurbana.md"},"image":{"@id":"https:\/\/gradinaurbana.md\/#\/schema\/logo\/image\/"},"sameAs":["https:\/\/www.facebook.com\/gradinaurbanaungheni\/","https:\/\/www.tiktok.com\/@gradinaurbanaungheni?lang=ro-RO","https:\/\/www.youtube.com\/@GradinaUrbana-Ungheni","https:\/\/www.linkedin.com\/in\/gradina-urbana-64122a3b0\/","https:\/\/www.instagram.com\/gradinaurbana.ungheni\/"]}]}},"_links":{"self":[{"href":"https:\/\/gradinaurbana.md\/ro_ro\/wp-json\/wp\/v2\/pages\/161","targetHints":{"allow":["GET"]}}],"collection":[{"href":"https:\/\/gradinaurbana.md\/ro_ro\/wp-json\/wp\/v2\/pages"}],"about":[{"href":"https:\/\/gradinaurbana.md\/ro_ro\/wp-json\/wp\/v2\/types\/page"}],"author":[{"embeddable":true,"href":"https:\/\/gradinaurbana.md\/ro_ro\/wp-json\/wp\/v2\/users\/1"}],"replies":[{"embeddable":true,"href":"https:\/\/gradinaurbana.md\/ro_ro\/wp-json\/wp\/v2\/comments?post=161"}],"version-history":[{"count":25,"href":"https:\/\/gradinaurbana.md\/ro_ro\/wp-json\/wp\/v2\/pages\/161\/revisions"}],"predecessor-version":[{"id":791,"href":"https:\/\/gradinaurbana.md\/ro_ro\/wp-json\/wp\/v2\/pages\/161\/revisions\/791"}],"wp:attachment":[{"href":"https:\/\/gradinaurbana.md\/ro_ro\/wp-json\/wp\/v2\/media?parent=161"}],"curies":[{"name":"wp","href":"https:\/\/api.w.org\/{rel}","templated":true}]}}