{"id":155,"date":"2026-02-13T11:26:41","date_gmt":"2026-02-13T11:26:41","guid":{"rendered":"https:\/\/rosybrown-okapi-954574.hostingersite.com\/?page_id=155"},"modified":"2026-02-14T12:22:56","modified_gmt":"2026-02-14T12:22:56","slug":"evenimente","status":"publish","type":"page","link":"https:\/\/gradinaurbana.md\/en\/evenimente\/","title":{"rendered":"Events"},"content":{"rendered":"\t\t<div data-elementor-type=\"wp-page\" data-elementor-id=\"155\" class=\"elementor elementor-155\" data-elementor-post-type=\"page\">\n\t\t\t\t<div class=\"elementor-element elementor-element-218eb5f e-flex e-con-boxed e-con e-parent\" data-id=\"218eb5f\" data-element_type=\"container\" data-e-type=\"container\" data-settings=\"{&quot;background_background&quot;:&quot;classic&quot;}\">\n\t\t\t\t\t<div class=\"e-con-inner\">\n\t\t<div class=\"elementor-element elementor-element-a9c3a4f e-con-full e-flex e-con e-child\" data-id=\"a9c3a4f\" data-element_type=\"container\" data-e-type=\"container\" data-settings=\"{&quot;background_background&quot;:&quot;classic&quot;}\">\n\t\t\t\t<div class=\"elementor-element elementor-element-af7f063 elementor-icon-list--layout-traditional elementor-list-item-link-full_width elementor-widget elementor-widget-icon-list\" data-id=\"af7f063\" data-element_type=\"widget\" data-e-type=\"widget\" data-widget_type=\"icon-list.default\">\n\t\t\t\t\t\t\t<ul class=\"elementor-icon-list-items\">\n\t\t\t\t\t\t\t<li class=\"elementor-icon-list-item\">\n\t\t\t\t\t\t\t\t\t\t\t<span class=\"elementor-icon-list-icon\">\n\t\t\t\t\t\t\t<svg aria-hidden=\"true\" class=\"e-font-icon-svg e-fas-circle\" viewBox=\"0 0 512 512\" xmlns=\"http:\/\/www.w3.org\/2000\/svg\"><path d=\"M256 8C119 8 8 119 8 256s111 248 248 248 248-111 248-248S393 8 256 8z\"><\/path><\/svg>\t\t\t\t\t\t<\/span>\n\t\t\t\t\t\t\t\t\t\t<span class=\"elementor-icon-list-text\">Acas\u0103 - Evenimente<\/span>\n\t\t\t\t\t\t\t\t\t<\/li>\n\t\t\t\t\t\t<\/ul>\n\t\t\t\t\t\t<\/div>\n\t\t\t\t<div class=\"elementor-element elementor-element-2b20246 elementor-widget elementor-widget-heading\" data-id=\"2b20246\" data-element_type=\"widget\" data-e-type=\"widget\" data-widget_type=\"heading.default\">\n\t\t\t\t\t<h1 class=\"elementor-heading-title elementor-size-default\">Evenimente \u00een Gr\u0103dina Urban\u0103\n\u200b<\/h1>\t\t\t\t<\/div>\n\t\t\t\t<div class=\"elementor-element elementor-element-af3d0d6 elementor-widget__width-initial elementor-widget elementor-widget-text-editor\" data-id=\"af3d0d6\" data-element_type=\"widget\" data-e-type=\"widget\" data-widget_type=\"text-editor.default\">\n\t\t\t\t\t\t\t\t\t<p><span style=\"font-weight: 400;\">Gr\u0103dina Urban\u0103 este un spa\u021biu viu, care se schimb\u0103 odat\u0103 cu anotimpurile.\u00a0<\/span><\/p><p><span style=\"font-weight: 400;\">Evenimentele din gr\u0103dina urban\u0103 sunt organizate pe parcursul \u00eentregului an \u0219i sunt adaptate ritmului naturii, nevoilor comunit\u0103\u021bii \u0219i etapelor de dezvoltare ale gr\u0103dinii.<\/span><\/p><p><span style=\"font-weight: 400;\">Aici au loc ateliere educa\u021bionale, activit\u0103\u021bi comunitare, \u00eent\u00e2lniri de schimb de bune practici \u0219i evenimente publice, deschise tuturor celor interesa\u021bi de un ora\u0219 mai verde \u0219i mai s\u0103n\u0103tos.<\/span><\/p>\t\t\t\t\t\t\t\t<\/div>\n\t\t\t\t<\/div>\n\t\t\t\t\t<\/div>\n\t\t\t\t<\/div>\n\t\t<div class=\"elementor-element elementor-element-ec61471 e-flex e-con-boxed e-con e-parent\" data-id=\"ec61471\" data-element_type=\"container\" data-e-type=\"container\" data-settings=\"{&quot;background_background&quot;:&quot;classic&quot;}\">\n\t\t\t\t\t<div class=\"e-con-inner\">\n\t\t\t\t<div class=\"elementor-element elementor-element-744fcae elementor-widget elementor-widget-n-accordion\" data-id=\"744fcae\" data-element_type=\"widget\" data-e-type=\"widget\" data-settings=\"{&quot;default_state&quot;:&quot;expanded&quot;,&quot;max_items_expended&quot;:&quot;one&quot;,&quot;n_accordion_animation_duration&quot;:{&quot;unit&quot;:&quot;ms&quot;,&quot;size&quot;:400,&quot;sizes&quot;:[]}}\" data-widget_type=\"nested-accordion.default\">\n\t\t\t\t\t\t\t<div class=\"e-n-accordion\" aria-label=\"Accordion. Open links with Enter or Space, close with Escape, and navigate with Arrow Keys\">\n\t\t\t\t\t\t<details id=\"e-n-accordion-item-1210\" class=\"e-n-accordion-item\" open>\n\t\t\t\t<summary class=\"e-n-accordion-item-title\" data-accordion-index=\"1\" tabindex=\"0\" aria-expanded=\"true\" aria-controls=\"e-n-accordion-item-1210\" >\n\t\t\t\t\t<span class='e-n-accordion-item-title-header'><div class=\"e-n-accordion-item-title-text\"> Evenimentele din prim\u0103var\u0103 <\/div><\/span>\n\t\t\t\t\t\t\t<span class='e-n-accordion-item-title-icon'>\n\t\t\t<span class='e-opened' ><svg aria-hidden=\"true\" class=\"e-font-icon-svg e-fas-minus\" viewBox=\"0 0 448 512\" xmlns=\"http:\/\/www.w3.org\/2000\/svg\"><path d=\"M416 208H32c-17.67 0-32 14.33-32 32v32c0 17.67 14.33 32 32 32h384c17.67 0 32-14.33 32-32v-32c0-17.67-14.33-32-32-32z\"><\/path><\/svg><\/span>\n\t\t\t<span class='e-closed'><svg aria-hidden=\"true\" class=\"e-font-icon-svg e-fas-plus\" viewBox=\"0 0 448 512\" xmlns=\"http:\/\/www.w3.org\/2000\/svg\"><path d=\"M416 208H272V64c0-17.67-14.33-32-32-32h-32c-17.67 0-32 14.33-32 32v144H32c-17.67 0-32 14.33-32 32v32c0 17.67 14.33 32 32 32h144v144c0 17.67 14.33 32 32 32h32c17.67 0 32-14.33 32-32V304h144c17.67 0 32-14.33 32-32v-32c0-17.67-14.33-32-32-32z\"><\/path><\/svg><\/span>\n\t\t<\/span>\n\n\t\t\t\t\t\t<\/summary>\n\t\t\t\t<div role=\"region\" aria-labelledby=\"e-n-accordion-item-1210\" class=\"elementor-element elementor-element-ddad752 e-con-full e-flex e-con e-child\" data-id=\"ddad752\" data-element_type=\"container\" data-e-type=\"container\">\n\t\t\t\t<div class=\"elementor-element elementor-element-a394af1 elementor-widget elementor-widget-html\" data-id=\"a394af1\" data-element_type=\"widget\" data-e-type=\"widget\" data-widget_type=\"html.default\">\n\t\t\t\t\t<style scoped> iframe[data-tec-events-ece-iframe=\"true\"] { width: 100%; height: calc( 100vw + 100px ); max-width: 100%; } @media screen and (min-width: 600px) { iframe[data-tec-events-ece-iframe=\"true\"] { height: 100vw; } } @media screen and (min-width: 853px) { iframe[data-tec-events-ece-iframe=\"true\"] { height: 1065px; } } <\/style> <iframe data-tec-events-ece-iframe=\"true\" src=\"\/calendar-embed\/DbaBgNaX31T\/embed\/\" frameborder=\"0\" ><\/iframe>\t\t\t\t<\/div>\n\t\t\t\t<\/div>\n\t\t\t\t\t<\/details>\n\t\t\t\t\t\t<details id=\"e-n-accordion-item-1211\" class=\"e-n-accordion-item\" >\n\t\t\t\t<summary class=\"e-n-accordion-item-title\" data-accordion-index=\"2\" tabindex=\"-1\" aria-expanded=\"false\" aria-controls=\"e-n-accordion-item-1211\" >\n\t\t\t\t\t<span class='e-n-accordion-item-title-header'><div class=\"e-n-accordion-item-title-text\"> Evenimentele din var\u0103 <\/div><\/span>\n\t\t\t\t\t\t\t<span class='e-n-accordion-item-title-icon'>\n\t\t\t<span class='e-opened' ><svg aria-hidden=\"true\" class=\"e-font-icon-svg e-fas-minus\" viewBox=\"0 0 448 512\" xmlns=\"http:\/\/www.w3.org\/2000\/svg\"><path d=\"M416 208H32c-17.67 0-32 14.33-32 32v32c0 17.67 14.33 32 32 32h384c17.67 0 32-14.33 32-32v-32c0-17.67-14.33-32-32-32z\"><\/path><\/svg><\/span>\n\t\t\t<span class='e-closed'><svg aria-hidden=\"true\" class=\"e-font-icon-svg e-fas-plus\" viewBox=\"0 0 448 512\" xmlns=\"http:\/\/www.w3.org\/2000\/svg\"><path d=\"M416 208H272V64c0-17.67-14.33-32-32-32h-32c-17.67 0-32 14.33-32 32v144H32c-17.67 0-32 14.33-32 32v32c0 17.67 14.33 32 32 32h144v144c0 17.67 14.33 32 32 32h32c17.67 0 32-14.33 32-32V304h144c17.67 0 32-14.33 32-32v-32c0-17.67-14.33-32-32-32z\"><\/path><\/svg><\/span>\n\t\t<\/span>\n\n\t\t\t\t\t\t<\/summary>\n\t\t\t\t<div role=\"region\" aria-labelledby=\"e-n-accordion-item-1211\" class=\"elementor-element elementor-element-9195add e-con-full e-flex e-con e-child\" data-id=\"9195add\" data-element_type=\"container\" data-e-type=\"container\">\n\t\t\t\t<div class=\"elementor-element elementor-element-f838a61 elementor-widget elementor-widget-html\" data-id=\"f838a61\" data-element_type=\"widget\" data-e-type=\"widget\" data-widget_type=\"html.default\">\n\t\t\t\t\t<style scoped> iframe[data-tec-events-ece-iframe=\"true\"] { width: 100%; height: calc( 100vw + 100px ); max-width: 100%; } @media screen and (min-width: 600px) { iframe[data-tec-events-ece-iframe=\"true\"] { height: 100vw; } } @media screen and (min-width: 853px) { iframe[data-tec-events-ece-iframe=\"true\"] { height: 1065px; } } <\/style> <iframe data-tec-events-ece-iframe=\"true\" src=\"\/calendar-embed\/uj9PQvmsh0r\/embed\/\" frameborder=\"0\" ><\/iframe>\t\t\t\t<\/div>\n\t\t\t\t<\/div>\n\t\t\t\t\t<\/details>\n\t\t\t\t\t\t<details id=\"e-n-accordion-item-1212\" class=\"e-n-accordion-item\" >\n\t\t\t\t<summary class=\"e-n-accordion-item-title\" data-accordion-index=\"3\" tabindex=\"-1\" aria-expanded=\"false\" aria-controls=\"e-n-accordion-item-1212\" >\n\t\t\t\t\t<span class='e-n-accordion-item-title-header'><div class=\"e-n-accordion-item-title-text\"> Evenimentele din toamn\u0103 <\/div><\/span>\n\t\t\t\t\t\t\t<span class='e-n-accordion-item-title-icon'>\n\t\t\t<span class='e-opened' ><svg aria-hidden=\"true\" class=\"e-font-icon-svg e-fas-minus\" viewBox=\"0 0 448 512\" xmlns=\"http:\/\/www.w3.org\/2000\/svg\"><path d=\"M416 208H32c-17.67 0-32 14.33-32 32v32c0 17.67 14.33 32 32 32h384c17.67 0 32-14.33 32-32v-32c0-17.67-14.33-32-32-32z\"><\/path><\/svg><\/span>\n\t\t\t<span class='e-closed'><svg aria-hidden=\"true\" class=\"e-font-icon-svg e-fas-plus\" viewBox=\"0 0 448 512\" xmlns=\"http:\/\/www.w3.org\/2000\/svg\"><path d=\"M416 208H272V64c0-17.67-14.33-32-32-32h-32c-17.67 0-32 14.33-32 32v144H32c-17.67 0-32 14.33-32 32v32c0 17.67 14.33 32 32 32h144v144c0 17.67 14.33 32 32 32h32c17.67 0 32-14.33 32-32V304h144c17.67 0 32-14.33 32-32v-32c0-17.67-14.33-32-32-32z\"><\/path><\/svg><\/span>\n\t\t<\/span>\n\n\t\t\t\t\t\t<\/summary>\n\t\t\t\t<div role=\"region\" aria-labelledby=\"e-n-accordion-item-1212\" class=\"elementor-element elementor-element-5d8ebab e-con-full e-flex e-con e-child\" data-id=\"5d8ebab\" data-element_type=\"container\" data-e-type=\"container\">\n\t\t\t\t<div class=\"elementor-element elementor-element-7482da7 elementor-widget elementor-widget-html\" data-id=\"7482da7\" data-element_type=\"widget\" data-e-type=\"widget\" data-widget_type=\"html.default\">\n\t\t\t\t\t<style scoped> iframe[data-tec-events-ece-iframe=\"true\"] { width: 100%; height: calc( 100vw + 100px ); max-width: 100%; } @media screen and (min-width: 600px) { iframe[data-tec-events-ece-iframe=\"true\"] { height: 100vw; } } @media screen and (min-width: 853px) { iframe[data-tec-events-ece-iframe=\"true\"] { height: 1065px; } } <\/style> <iframe data-tec-events-ece-iframe=\"true\" src=\"\/calendar-embed\/y9uE0RwMdOe\/embed\/\" frameborder=\"0\" ><\/iframe>\t\t\t\t<\/div>\n\t\t\t\t<\/div>\n\t\t\t\t\t<\/details>\n\t\t\t\t\t\t<details id=\"e-n-accordion-item-1213\" class=\"e-n-accordion-item\" >\n\t\t\t\t<summary class=\"e-n-accordion-item-title\" data-accordion-index=\"4\" tabindex=\"-1\" aria-expanded=\"false\" aria-controls=\"e-n-accordion-item-1213\" >\n\t\t\t\t\t<span class='e-n-accordion-item-title-header'><div class=\"e-n-accordion-item-title-text\"> Evenimentele din iarn\u0103 <\/div><\/span>\n\t\t\t\t\t\t\t<span class='e-n-accordion-item-title-icon'>\n\t\t\t<span class='e-opened' ><svg aria-hidden=\"true\" class=\"e-font-icon-svg e-fas-minus\" viewBox=\"0 0 448 512\" xmlns=\"http:\/\/www.w3.org\/2000\/svg\"><path d=\"M416 208H32c-17.67 0-32 14.33-32 32v32c0 17.67 14.33 32 32 32h384c17.67 0 32-14.33 32-32v-32c0-17.67-14.33-32-32-32z\"><\/path><\/svg><\/span>\n\t\t\t<span class='e-closed'><svg aria-hidden=\"true\" class=\"e-font-icon-svg e-fas-plus\" viewBox=\"0 0 448 512\" xmlns=\"http:\/\/www.w3.org\/2000\/svg\"><path d=\"M416 208H272V64c0-17.67-14.33-32-32-32h-32c-17.67 0-32 14.33-32 32v144H32c-17.67 0-32 14.33-32 32v32c0 17.67 14.33 32 32 32h144v144c0 17.67 14.33 32 32 32h32c17.67 0 32-14.33 32-32V304h144c17.67 0 32-14.33 32-32v-32c0-17.67-14.33-32-32-32z\"><\/path><\/svg><\/span>\n\t\t<\/span>\n\n\t\t\t\t\t\t<\/summary>\n\t\t\t\t<div role=\"region\" aria-labelledby=\"e-n-accordion-item-1213\" class=\"elementor-element elementor-element-89d074d e-con-full e-flex e-con e-child\" data-id=\"89d074d\" data-element_type=\"container\" data-e-type=\"container\">\n\t\t\t\t<div class=\"elementor-element elementor-element-ea343dd elementor-widget elementor-widget-html\" data-id=\"ea343dd\" data-element_type=\"widget\" data-e-type=\"widget\" data-widget_type=\"html.default\">\n\t\t\t\t\t<style scoped> iframe[data-tec-events-ece-iframe=\"true\"] { width: 100%; height: calc( 100vw + 100px ); max-width: 100%; } @media screen and (min-width: 600px) { iframe[data-tec-events-ece-iframe=\"true\"] { height: 100vw; } } @media screen and (min-width: 853px) { iframe[data-tec-events-ece-iframe=\"true\"] { height: 1065px; } } <\/style> <iframe data-tec-events-ece-iframe=\"true\" src=\"\/calendar-embed\/biqO9MqQBpX\/embed\/\" frameborder=\"0\" ><\/iframe>\t\t\t\t<\/div>\n\t\t\t\t<\/div>\n\t\t\t\t\t<\/details>\n\t\t\t\t\t<\/div>\n\t\t\t\t\t\t<\/div>\n\t\t\t\t<div class=\"elementor-element elementor-element-d7c69be elementor-widget elementor-widget-spacer\" data-id=\"d7c69be\" data-element_type=\"widget\" data-e-type=\"widget\" data-widget_type=\"spacer.default\">\n\t\t\t\t\t\t\t<div class=\"elementor-spacer\">\n\t\t\t<div class=\"elementor-spacer-inner\"><\/div>\n\t\t<\/div>\n\t\t\t\t\t\t<\/div>\n\t\t\t\t\t<\/div>\n\t\t\t\t<\/div>\n\t\t\t\t<\/div>\n\t\t","protected":false},"excerpt":{"rendered":"<p>Evenimente \u00een Gr\u0103dina Urban\u0103<br \/>\nUrban garden is a living space that changes with the seasons.<br \/>\nThe events in the garden of the urban areas are organised throughout the year and are tailored to the rhythm of nature, the needs of the community and of the stages of the development of the garden.<br \/>\nPe aceast\u0103 pagin\u0103 po\u021bi descoperi \u0219i te po\u021bi \u00eenscrie la toate activit\u0103\u021bile desf\u0103\u0219urate \u00een gr\u0103dina urban\u0103.<\/p>","protected":false},"author":1,"featured_media":0,"parent":0,"menu_order":0,"comment_status":"closed","ping_status":"closed","template":"elementor_header_footer","meta":{"_acf_changed":false,"footnotes":""},"class_list":["post-155","page","type-page","status-publish","hentry"],"acf":[],"yoast_head":"<!-- This site is optimized with the Yoast SEO plugin v27.2 - https:\/\/yoast.com\/product\/yoast-seo-wordpress\/ -->\n<title>Evenimente - gradinaurbana.md<\/title>\n<meta name=\"robots\" content=\"index, follow, max-snippet:-1, max-image-preview:large, max-video-preview:-1\" \/>\n<link rel=\"canonical\" href=\"https:\/\/gradinaurbana.md\/en\/evenimente\/\" \/>\n<meta property=\"og:locale\" content=\"en_US\" \/>\n<meta property=\"og:type\" content=\"article\" \/>\n<meta property=\"og:title\" content=\"Evenimente - gradinaurbana.md\" \/>\n<meta property=\"og:description\" content=\"Evenimente \u00een Gr\u0103dina Urban\u0103 Gr\u0103dina Urban\u0103 este un spa\u021biu viu, care se schimb\u0103 odat\u0103 cu anotimpurile. Evenimentele din gr\u0103dina urban\u0103 sunt organizate pe parcursul \u00eentregului an \u0219i sunt adaptate ritmului naturii, nevoilor comunit\u0103\u021bii \u0219i etapelor de dezvoltare ale gr\u0103dinii. Pe aceast\u0103 pagin\u0103 po\u021bi descoperi \u0219i te po\u021bi \u00eenscrie la toate activit\u0103\u021bile desf\u0103\u0219urate \u00een gr\u0103dina urban\u0103.\" \/>\n<meta property=\"og:url\" content=\"https:\/\/gradinaurbana.md\/en\/evenimente\/\" \/>\n<meta property=\"og:site_name\" content=\"gradinaurbana.md\" \/>\n<meta property=\"article:publisher\" content=\"https:\/\/www.facebook.com\/gradinaurbanaungheni\/\" \/>\n<meta property=\"article:modified_time\" content=\"2026-02-14T12:22:56+00:00\" \/>\n<meta name=\"twitter:card\" content=\"summary_large_image\" \/>\n<script type=\"application\/ld+json\" class=\"yoast-schema-graph\">{\"@context\":\"https:\/\/schema.org\",\"@graph\":[{\"@type\":\"WebPage\",\"@id\":\"https:\/\/gradinaurbana.md\/ro_ro\/evenimente\/\",\"url\":\"https:\/\/gradinaurbana.md\/ro_ro\/evenimente\/\",\"name\":\"Evenimente - gradinaurbana.md\",\"isPartOf\":{\"@id\":\"https:\/\/gradinaurbana.md\/#website\"},\"datePublished\":\"2026-02-13T11:26:41+00:00\",\"dateModified\":\"2026-02-14T12:22:56+00:00\",\"breadcrumb\":{\"@id\":\"https:\/\/gradinaurbana.md\/ro_ro\/evenimente\/#breadcrumb\"},\"inLanguage\":\"en-US\",\"potentialAction\":[{\"@type\":\"ReadAction\",\"target\":[\"https:\/\/gradinaurbana.md\/ro_ro\/evenimente\/\"]}]},{\"@type\":\"BreadcrumbList\",\"@id\":\"https:\/\/gradinaurbana.md\/ro_ro\/evenimente\/#breadcrumb\",\"itemListElement\":[{\"@type\":\"ListItem\",\"position\":1,\"name\":\"Home\",\"item\":\"https:\/\/gradinaurbana.md\/ro_ro\/\"},{\"@type\":\"ListItem\",\"position\":2,\"name\":\"Evenimente\"}]},{\"@type\":\"WebSite\",\"@id\":\"https:\/\/gradinaurbana.md\/#website\",\"url\":\"https:\/\/gradinaurbana.md\/\",\"name\":\"gradinaurbana.md\",\"description\":\"\",\"publisher\":{\"@id\":\"https:\/\/gradinaurbana.md\/#organization\"},\"potentialAction\":[{\"@type\":\"SearchAction\",\"target\":{\"@type\":\"EntryPoint\",\"urlTemplate\":\"https:\/\/gradinaurbana.md\/?s={search_term_string}\"},\"query-input\":{\"@type\":\"PropertyValueSpecification\",\"valueRequired\":true,\"valueName\":\"search_term_string\"}}],\"inLanguage\":\"en-US\"},{\"@type\":\"Organization\",\"@id\":\"https:\/\/gradinaurbana.md\/#organization\",\"name\":\"gradinaurbana.md\",\"url\":\"https:\/\/gradinaurbana.md\/\",\"logo\":{\"@type\":\"ImageObject\",\"inLanguage\":\"en-US\",\"@id\":\"https:\/\/gradinaurbana.md\/#\/schema\/logo\/image\/\",\"url\":\"https:\/\/gradinaurbana.md\/wp-content\/uploads\/2026\/02\/Gradina_Urbana_Ungheni__4_-removebg-preview.png\",\"contentUrl\":\"https:\/\/gradinaurbana.md\/wp-content\/uploads\/2026\/02\/Gradina_Urbana_Ungheni__4_-removebg-preview.png\",\"width\":500,\"height\":500,\"caption\":\"gradinaurbana.md\"},\"image\":{\"@id\":\"https:\/\/gradinaurbana.md\/#\/schema\/logo\/image\/\"},\"sameAs\":[\"https:\/\/www.facebook.com\/gradinaurbanaungheni\/\",\"https:\/\/www.tiktok.com\/@gradinaurbanaungheni?lang=ro-RO\",\"https:\/\/www.youtube.com\/@GradinaUrbana-Ungheni\",\"https:\/\/www.linkedin.com\/in\/gradina-urbana-64122a3b0\/\",\"https:\/\/www.instagram.com\/gradinaurbana.ungheni\/\"]}]}<\/script>\n<!-- \/ Yoast SEO plugin. -->","yoast_head_json":{"title":"Evenimente - gradinaurbana.md","robots":{"index":"index","follow":"follow","max-snippet":"max-snippet:-1","max-image-preview":"max-image-preview:large","max-video-preview":"max-video-preview:-1"},"canonical":"https:\/\/gradinaurbana.md\/en\/evenimente\/","og_locale":"en_US","og_type":"article","og_title":"Evenimente - gradinaurbana.md","og_description":"Evenimente \u00een Gr\u0103dina Urban\u0103 Gr\u0103dina Urban\u0103 este un spa\u021biu viu, care se schimb\u0103 odat\u0103 cu anotimpurile. Evenimentele din gr\u0103dina urban\u0103 sunt organizate pe parcursul \u00eentregului an \u0219i sunt adaptate ritmului naturii, nevoilor comunit\u0103\u021bii \u0219i etapelor de dezvoltare ale gr\u0103dinii. Pe aceast\u0103 pagin\u0103 po\u021bi descoperi \u0219i te po\u021bi \u00eenscrie la toate activit\u0103\u021bile desf\u0103\u0219urate \u00een gr\u0103dina urban\u0103.","og_url":"https:\/\/gradinaurbana.md\/en\/evenimente\/","og_site_name":"gradinaurbana.md","article_publisher":"https:\/\/www.facebook.com\/gradinaurbanaungheni\/","article_modified_time":"2026-02-14T12:22:56+00:00","twitter_card":"summary_large_image","schema":{"@context":"https:\/\/schema.org","@graph":[{"@type":"WebPage","@id":"https:\/\/gradinaurbana.md\/ro_ro\/evenimente\/","url":"https:\/\/gradinaurbana.md\/ro_ro\/evenimente\/","name":"Evenimente - gradinaurbana.md","isPartOf":{"@id":"https:\/\/gradinaurbana.md\/#website"},"datePublished":"2026-02-13T11:26:41+00:00","dateModified":"2026-02-14T12:22:56+00:00","breadcrumb":{"@id":"https:\/\/gradinaurbana.md\/ro_ro\/evenimente\/#breadcrumb"},"inLanguage":"en-US","potentialAction":[{"@type":"ReadAction","target":["https:\/\/gradinaurbana.md\/ro_ro\/evenimente\/"]}]},{"@type":"BreadcrumbList","@id":"https:\/\/gradinaurbana.md\/ro_ro\/evenimente\/#breadcrumb","itemListElement":[{"@type":"ListItem","position":1,"name":"Home","item":"https:\/\/gradinaurbana.md\/ro_ro\/"},{"@type":"ListItem","position":2,"name":"Evenimente"}]},{"@type":"WebSite","@id":"https:\/\/gradinaurbana.md\/#website","url":"https:\/\/gradinaurbana.md\/","name":"gradinaurbana.md","description":"","publisher":{"@id":"https:\/\/gradinaurbana.md\/#organization"},"potentialAction":[{"@type":"SearchAction","target":{"@type":"EntryPoint","urlTemplate":"https:\/\/gradinaurbana.md\/?s={search_term_string}"},"query-input":{"@type":"PropertyValueSpecification","valueRequired":true,"valueName":"search_term_string"}}],"inLanguage":"en-US"},{"@type":"Organization","@id":"https:\/\/gradinaurbana.md\/#organization","name":"gradinaurbana.md","url":"https:\/\/gradinaurbana.md\/","logo":{"@type":"ImageObject","inLanguage":"en-US","@id":"https:\/\/gradinaurbana.md\/#\/schema\/logo\/image\/","url":"https:\/\/gradinaurbana.md\/wp-content\/uploads\/2026\/02\/Gradina_Urbana_Ungheni__4_-removebg-preview.png","contentUrl":"https:\/\/gradinaurbana.md\/wp-content\/uploads\/2026\/02\/Gradina_Urbana_Ungheni__4_-removebg-preview.png","width":500,"height":500,"caption":"gradinaurbana.md"},"image":{"@id":"https:\/\/gradinaurbana.md\/#\/schema\/logo\/image\/"},"sameAs":["https:\/\/www.facebook.com\/gradinaurbanaungheni\/","https:\/\/www.tiktok.com\/@gradinaurbanaungheni?lang=ro-RO","https:\/\/www.youtube.com\/@GradinaUrbana-Ungheni","https:\/\/www.linkedin.com\/in\/gradina-urbana-64122a3b0\/","https:\/\/www.instagram.com\/gradinaurbana.ungheni\/"]}]}},"_links":{"self":[{"href":"https:\/\/gradinaurbana.md\/en\/wp-json\/wp\/v2\/pages\/155","targetHints":{"allow":["GET"]}}],"collection":[{"href":"https:\/\/gradinaurbana.md\/en\/wp-json\/wp\/v2\/pages"}],"about":[{"href":"https:\/\/gradinaurbana.md\/en\/wp-json\/wp\/v2\/types\/page"}],"author":[{"embeddable":true,"href":"https:\/\/gradinaurbana.md\/en\/wp-json\/wp\/v2\/users\/1"}],"replies":[{"embeddable":true,"href":"https:\/\/gradinaurbana.md\/en\/wp-json\/wp\/v2\/comments?post=155"}],"version-history":[{"count":35,"href":"https:\/\/gradinaurbana.md\/en\/wp-json\/wp\/v2\/pages\/155\/revisions"}],"predecessor-version":[{"id":991,"href":"https:\/\/gradinaurbana.md\/en\/wp-json\/wp\/v2\/pages\/155\/revisions\/991"}],"wp:attachment":[{"href":"https:\/\/gradinaurbana.md\/en\/wp-json\/wp\/v2\/media?parent=155"}],"curies":[{"name":"wp","href":"https:\/\/api.w.org\/{rel}","templated":true}]}}